{"id":1437,"date":"2020-12-30T20:18:09","date_gmt":"2020-12-30T20:18:09","guid":{"rendered":"https:\/\/jsejkorova.cz\/?page_id=1437"},"modified":"2023-07-24T12:52:10","modified_gmt":"2023-07-24T12:52:10","slug":"o-nas","status":"publish","type":"page","link":"https:\/\/jsejkorova.cz\/index.php\/o-nas\/","title":{"rendered":"O n\u00e1s"},"content":{"rendered":"\n<p><\/p>\n\n\n\n<p><strong>MUDr. Jana Sejkorov\u00e1<\/strong><\/p>\n\n\n\n<p>v\u0161eobecn\u00e1 praktick\u00e1 l\u00e9ka\u0159ka s dlouholetou prax\u00ed<\/p>\n\n\n\n<p><strong>Ivana Pila\u0159ov\u00e1<\/strong><\/p>\n\n\n\n<p>v\u0161eobecn\u00e1 zdravotn\u00ed sestra<\/p>\n\n\n\n<p><\/p>\n\n\n\n<p><\/p>\n\n\n\n<p><\/p>\n\n\n\n<p><\/p>\n","protected":false},"excerpt":{"rendered":"<p>MUDr. Jana Sejkorov\u00e1 v\u0161eobecn\u00e1 praktick\u00e1 l\u00e9ka\u0159ka s dlouholetou prax\u00ed Ivana Pila\u0159ov\u00e1 v\u0161eobecn\u00e1 zdravotn\u00ed sestra<\/p>\n","protected":false},"author":4,"featured_media":0,"parent":0,"menu_order":0,"comment_status":"closed","ping_status":"closed","template":"template-fullwidth.php","meta":{"footnotes":""},"class_list":["post-1437","page","type-page","status-publish","hentry"],"aioseo_notices":[],"_links":{"self":[{"href":"https:\/\/jsejkorova.cz\/index.php\/wp-json\/wp\/v2\/pages\/1437","targetHints":{"allow":["GET"]}}],"collection":[{"href":"https:\/\/jsejkorova.cz\/index.php\/wp-json\/wp\/v2\/pages"}],"about":[{"href":"https:\/\/jsejkorova.cz\/index.php\/wp-json\/wp\/v2\/types\/page"}],"author":[{"embeddable":true,"href":"https:\/\/jsejkorova.cz\/index.php\/wp-json\/wp\/v2\/users\/4"}],"replies":[{"embeddable":true,"href":"https:\/\/jsejkorova.cz\/index.php\/wp-json\/wp\/v2\/comments?post=1437"}],"version-history":[{"count":9,"href":"https:\/\/jsejkorova.cz\/index.php\/wp-json\/wp\/v2\/pages\/1437\/revisions"}],"predecessor-version":[{"id":1651,"href":"https:\/\/jsejkorova.cz\/index.php\/wp-json\/wp\/v2\/pages\/1437\/revisions\/1651"}],"wp:attachment":[{"href":"https:\/\/jsejkorova.cz\/index.php\/wp-json\/wp\/v2\/media?parent=1437"}],"curies":[{"name":"wp","href":"https:\/\/api.w.org\/{rel}","templated":true}]}}