{"id":1473,"date":"2020-12-30T22:01:51","date_gmt":"2020-12-30T22:01:51","guid":{"rendered":"https:\/\/jsejkorova.cz\/?page_id=1473"},"modified":"2025-10-14T14:23:44","modified_gmt":"2025-10-14T14:23:44","slug":"aktuality","status":"publish","type":"page","link":"https:\/\/jsejkorova.cz\/index.php\/aktuality\/","title":{"rendered":"Aktuality"},"content":{"rendered":"\n<p class=\"has-white-background-color has-background has-medium-font-size\">Dovolen\u00e1  v  pond\u011bl\u00ed dne  27.10.2025<\/p>\n\n\n\n<p><\/p>\n","protected":false},"excerpt":{"rendered":"<p>Dovolen\u00e1 v pond\u011bl\u00ed dne 27.10.2025<\/p>\n","protected":false},"author":5,"featured_media":0,"parent":0,"menu_order":0,"comment_status":"closed","ping_status":"closed","template":"template-fullwidth.php","meta":{"footnotes":""},"class_list":["post-1473","page","type-page","status-publish","hentry"],"aioseo_notices":[],"_links":{"self":[{"href":"https:\/\/jsejkorova.cz\/index.php\/wp-json\/wp\/v2\/pages\/1473","targetHints":{"allow":["GET"]}}],"collection":[{"href":"https:\/\/jsejkorova.cz\/index.php\/wp-json\/wp\/v2\/pages"}],"about":[{"href":"https:\/\/jsejkorova.cz\/index.php\/wp-json\/wp\/v2\/types\/page"}],"author":[{"embeddable":true,"href":"https:\/\/jsejkorova.cz\/index.php\/wp-json\/wp\/v2\/users\/5"}],"replies":[{"embeddable":true,"href":"https:\/\/jsejkorova.cz\/index.php\/wp-json\/wp\/v2\/comments?post=1473"}],"version-history":[{"count":38,"href":"https:\/\/jsejkorova.cz\/index.php\/wp-json\/wp\/v2\/pages\/1473\/revisions"}],"predecessor-version":[{"id":1692,"href":"https:\/\/jsejkorova.cz\/index.php\/wp-json\/wp\/v2\/pages\/1473\/revisions\/1692"}],"wp:attachment":[{"href":"https:\/\/jsejkorova.cz\/index.php\/wp-json\/wp\/v2\/media?parent=1473"}],"curies":[{"name":"wp","href":"https:\/\/api.w.org\/{rel}","templated":true}]}}