{"id":1494,"date":"2020-12-30T22:42:26","date_gmt":"2020-12-30T22:42:26","guid":{"rendered":"https:\/\/jsejkorova.cz\/?page_id=1494"},"modified":"2023-07-24T12:40:19","modified_gmt":"2023-07-24T12:40:19","slug":"ordinacni-doba","status":"publish","type":"page","link":"https:\/\/jsejkorova.cz\/index.php\/ordinacni-doba\/","title":{"rendered":"Ordina\u010dn\u00ed doba"},"content":{"rendered":"\n<p><\/p>\n\n\n\n<p><\/p>\n\n\n\n<p class=\"has-text-align-center\"><strong>Odb\u011bry krve  \u00daT &#8211; P\u00c1      7,00 &#8211; 9,00 hod.<\/strong><\/p>\n\n\n\n<figure class=\"wp-block-table aligncenter is-style-stripes\"><table><tbody><tr><td>Pond\u011bl\u00ed<\/td><td>                                                            12,30 &#8211;<\/td><td>18,00  pracuj\u00edc\u00ed<\/td><td><\/td><\/tr><tr><td>\u00dater\u00fd<\/td><td>7, 30 &#8211; 9,00 akutn\u00ed p\u0159\u00edpady                9,00 &#8211;<\/td><td>14,00   objednan\u00ed pacienti<\/td><td><\/td><\/tr><tr><td>St\u0159eda<\/td><td>7, 30 &#8211; 9,00 akutn\u00ed p\u0159\u00edpady                9,00 &#8211;<\/td><td>13.30   objednan\u00ed pacienti<\/td><td><\/td><\/tr><tr><td>\u010ctvrtek<\/td><td>7,30 &#8211; 9,00  akutn\u00ed p\u0159\u00edpady                9,00 &#8211;<\/td><td>13,30   objednan\u00ed pacienti<\/td><td><\/td><\/tr><tr><td>P\u00e1tek<\/td><td>7,30 &#8211; 9,00  akutn\u00ed p\u0159\u00edpady                9,00 &#8211;<\/td><td>13,30   objednan\u00ed pacienti<\/td><td><\/td><\/tr><\/tbody><\/table><\/figure>\n","protected":false},"excerpt":{"rendered":"<p>Odb\u011bry krve \u00daT &#8211; P\u00c1 7,00 &#8211; 9,00 hod. Pond\u011bl\u00ed 12,30 &#8211; 18,00 pracuj\u00edc\u00ed \u00dater\u00fd 7, 30 &#8211; 9,00 akutn\u00ed p\u0159\u00edpady 9,00 &#8211; 14,00 objednan\u00ed pacienti St\u0159eda 7, 30 &#8211; &#8230;<\/p>\n","protected":false},"author":5,"featured_media":0,"parent":0,"menu_order":0,"comment_status":"closed","ping_status":"closed","template":"template-fullwidth.php","meta":{"footnotes":""},"class_list":["post-1494","page","type-page","status-publish","hentry"],"aioseo_notices":[],"_links":{"self":[{"href":"https:\/\/jsejkorova.cz\/index.php\/wp-json\/wp\/v2\/pages\/1494","targetHints":{"allow":["GET"]}}],"collection":[{"href":"https:\/\/jsejkorova.cz\/index.php\/wp-json\/wp\/v2\/pages"}],"about":[{"href":"https:\/\/jsejkorova.cz\/index.php\/wp-json\/wp\/v2\/types\/page"}],"author":[{"embeddable":true,"href":"https:\/\/jsejkorova.cz\/index.php\/wp-json\/wp\/v2\/users\/5"}],"replies":[{"embeddable":true,"href":"https:\/\/jsejkorova.cz\/index.php\/wp-json\/wp\/v2\/comments?post=1494"}],"version-history":[{"count":11,"href":"https:\/\/jsejkorova.cz\/index.php\/wp-json\/wp\/v2\/pages\/1494\/revisions"}],"predecessor-version":[{"id":1646,"href":"https:\/\/jsejkorova.cz\/index.php\/wp-json\/wp\/v2\/pages\/1494\/revisions\/1646"}],"wp:attachment":[{"href":"https:\/\/jsejkorova.cz\/index.php\/wp-json\/wp\/v2\/media?parent=1494"}],"curies":[{"name":"wp","href":"https:\/\/api.w.org\/{rel}","templated":true}]}}