{"id":1522,"date":"2021-01-03T19:44:18","date_gmt":"2021-01-03T19:44:18","guid":{"rendered":"https:\/\/jsejkorova.cz\/?page_id=1522"},"modified":"2021-01-03T19:44:18","modified_gmt":"2021-01-03T19:44:18","slug":"smluvni-pojistovny-2","status":"publish","type":"page","link":"https:\/\/jsejkorova.cz\/index.php\/smluvni-pojistovny-2\/","title":{"rendered":"Smluvn\u00ed poji\u0161\u0165ovny"},"content":{"rendered":"\n<ul class=\"wp-block-list\"><li>V\u0161eobecn\u00e1 zdravotn\u00ed poji\u0161\u0165ovna (111)<\/li><li>Vojensk\u00e1 zdravotn\u00ed poji\u0161\u0165ovna (201)<\/li><li>\u010cesk\u00e1 pr\u016fmyslov\u00e1 zdravotn\u00ed poji\u0161\u0165ovna (205)<\/li><li>Oborov\u00e1 zdravotn\u00ed poji\u0161\u0165ovna (207)<\/li><li>Zdravotn\u00ed poji\u0161\u0165ovna ministerstva vnitra (211)<\/li><\/ul>\n","protected":false},"excerpt":{"rendered":"<p>V\u0161eobecn\u00e1 zdravotn\u00ed poji\u0161\u0165ovna (111) Vojensk\u00e1 zdravotn\u00ed poji\u0161\u0165ovna (201) \u010cesk\u00e1 pr\u016fmyslov\u00e1 zdravotn\u00ed poji\u0161\u0165ovna (205) Oborov\u00e1 zdravotn\u00ed poji\u0161\u0165ovna (207) Zdravotn\u00ed poji\u0161\u0165ovna ministerstva vnitra (211)<\/p>\n","protected":false},"author":5,"featured_media":0,"parent":0,"menu_order":0,"comment_status":"closed","ping_status":"closed","template":"","meta":{"footnotes":""},"class_list":["post-1522","page","type-page","status-publish","hentry"],"aioseo_notices":[],"_links":{"self":[{"href":"https:\/\/jsejkorova.cz\/index.php\/wp-json\/wp\/v2\/pages\/1522","targetHints":{"allow":["GET"]}}],"collection":[{"href":"https:\/\/jsejkorova.cz\/index.php\/wp-json\/wp\/v2\/pages"}],"about":[{"href":"https:\/\/jsejkorova.cz\/index.php\/wp-json\/wp\/v2\/types\/page"}],"author":[{"embeddable":true,"href":"https:\/\/jsejkorova.cz\/index.php\/wp-json\/wp\/v2\/users\/5"}],"replies":[{"embeddable":true,"href":"https:\/\/jsejkorova.cz\/index.php\/wp-json\/wp\/v2\/comments?post=1522"}],"version-history":[{"count":1,"href":"https:\/\/jsejkorova.cz\/index.php\/wp-json\/wp\/v2\/pages\/1522\/revisions"}],"predecessor-version":[{"id":1523,"href":"https:\/\/jsejkorova.cz\/index.php\/wp-json\/wp\/v2\/pages\/1522\/revisions\/1523"}],"wp:attachment":[{"href":"https:\/\/jsejkorova.cz\/index.php\/wp-json\/wp\/v2\/media?parent=1522"}],"curies":[{"name":"wp","href":"https:\/\/api.w.org\/{rel}","templated":true}]}}