{"id":1524,"date":"2021-01-03T19:47:11","date_gmt":"2021-01-03T19:47:11","guid":{"rendered":"https:\/\/jsejkorova.cz\/?page_id=1524"},"modified":"2021-01-03T19:47:11","modified_gmt":"2021-01-03T19:47:11","slug":"pracovnelekarska-pece","status":"publish","type":"page","link":"https:\/\/jsejkorova.cz\/index.php\/pracovnelekarska-pece\/","title":{"rendered":"Pracovn\u011bl\u00e9ka\u0159sk\u00e1 p\u00e9\u010de"},"content":{"rendered":"\n<p>V r\u00e1mci pracovn\u011bl\u00e9ka\u0159sk\u00fdch slu\u017eeb zabezpe\u010dujeme ve spolupr\u00e1ci se zam\u011bstnavatelem prevenci, v\u010detn\u011b ochrany zdrav\u00ed zam\u011bstnanc\u016f p\u0159ed nemocemi z povol\u00e1n\u00ed a jin\u00fdmi po\u0161kozen\u00edmi zdrav\u00ed z pr\u00e1ce a prevenci \u00faraz\u016f.<\/p>\n\n\n\n<p>Tuto p\u00e9\u010di je povinen zajistit pro sv\u00e9 zam\u011bstnance ka\u017ed\u00fd zam\u011bstnavatel dle platn\u00e9 legislativy. Ka\u017ed\u00fd zam\u011bstnavatel by m\u011bl m\u00edt pro sv\u00e9 zam\u011bstnance \u00a0smluvn\u011b zaji\u0161t\u011bn\u00e9ho \u201ez\u00e1vodn\u00edho\u201c l\u00e9ka\u0159e. Bez smluvn\u00edho podkladu m\u016f\u017ee v ordinaci praktick\u00e9ho l\u00e9ka\u0159e absolvovat pracovn\u011bl\u00e9ka\u0159skou prohl\u00eddku pouze zam\u011bstnanec bez v\u011bt\u0161\u00edch pracovn\u00edch rizik, v tzv. kategorii 1.<\/p>\n\n\n\n<p>K pracovn\u011bl\u00e9ka\u0159sk\u00e9 prohl\u00eddce si s sebou p\u0159ineste:<\/p>\n\n\n\n<ul class=\"wp-block-list\"><li><strong>zam\u011bstnavatelem vypln\u011bnou \u017e\u00e1dost<\/strong>&nbsp;o proveden\u00ed prohl\u00eddky,<\/li><li>v\u00fdpis z dokumentace od registruj\u00edc\u00edho praktick\u00e9ho l\u00e9ka\u0159e,<\/li><li>vzorek mo\u010di,<\/li><li>br\u00fdle na d\u00e1lku (pokud nos\u00edte),<\/li><\/ul>\n","protected":false},"excerpt":{"rendered":"<p>V r\u00e1mci pracovn\u011bl\u00e9ka\u0159sk\u00fdch slu\u017eeb zabezpe\u010dujeme ve spolupr\u00e1ci se zam\u011bstnavatelem prevenci, v\u010detn\u011b ochrany zdrav\u00ed zam\u011bstnanc\u016f p\u0159ed nemocemi z povol\u00e1n\u00ed a jin\u00fdmi po\u0161kozen\u00edmi zdrav\u00ed z pr\u00e1ce a prevenci \u00faraz\u016f. Tuto p\u00e9\u010di je &#8230;<\/p>\n","protected":false},"author":5,"featured_media":0,"parent":0,"menu_order":0,"comment_status":"closed","ping_status":"closed","template":"","meta":{"footnotes":""},"class_list":["post-1524","page","type-page","status-publish","hentry"],"aioseo_notices":[],"_links":{"self":[{"href":"https:\/\/jsejkorova.cz\/index.php\/wp-json\/wp\/v2\/pages\/1524","targetHints":{"allow":["GET"]}}],"collection":[{"href":"https:\/\/jsejkorova.cz\/index.php\/wp-json\/wp\/v2\/pages"}],"about":[{"href":"https:\/\/jsejkorova.cz\/index.php\/wp-json\/wp\/v2\/types\/page"}],"author":[{"embeddable":true,"href":"https:\/\/jsejkorova.cz\/index.php\/wp-json\/wp\/v2\/users\/5"}],"replies":[{"embeddable":true,"href":"https:\/\/jsejkorova.cz\/index.php\/wp-json\/wp\/v2\/comments?post=1524"}],"version-history":[{"count":1,"href":"https:\/\/jsejkorova.cz\/index.php\/wp-json\/wp\/v2\/pages\/1524\/revisions"}],"predecessor-version":[{"id":1525,"href":"https:\/\/jsejkorova.cz\/index.php\/wp-json\/wp\/v2\/pages\/1524\/revisions\/1525"}],"wp:attachment":[{"href":"https:\/\/jsejkorova.cz\/index.php\/wp-json\/wp\/v2\/media?parent=1524"}],"curies":[{"name":"wp","href":"https:\/\/api.w.org\/{rel}","templated":true}]}}