{"id":1526,"date":"2021-01-03T19:49:18","date_gmt":"2021-01-03T19:49:18","guid":{"rendered":"https:\/\/jsejkorova.cz\/?page_id=1526"},"modified":"2023-08-01T06:19:09","modified_gmt":"2023-08-01T06:19:09","slug":"ostatni-sluzby","status":"publish","type":"page","link":"https:\/\/jsejkorova.cz\/index.php\/ostatni-sluzby\/","title":{"rendered":"Ostatn\u00ed slu\u017eby"},"content":{"rendered":"\n<ul class=\"wp-block-list\">\n<li>Standardn\u00ed p\u00e9\u010de praktick\u00e9ho l\u00e9ka\u0159e pro dosp\u011bl\u00e9<\/li>\n\n\n\n<li><strong>Preventivn\u00ed programy a o\u010dkov\u00e1n\u00ed<\/strong><\/li>\n\n\n\n<li>O\u010dkov\u00e1n\u00ed&nbsp; nehrazen\u00e9 zdravotn\u00edmi poji\u0161\u0165ovnami (ch\u0159ipka, kl\u00ed\u0161\u0165ov\u00e1 encefalitida, \u017eloutenka A, B, pneumokokov\u00e9 infekce, meningokokov\u00e9 infekce, \u010dern\u00fd ka\u0161el)<\/li>\n\n\n\n<li>Vy\u0161et\u0159en\u00ed pro&nbsp;<strong>\u0159idi\u010dsk\u00e9 pr\u016fkazy, zbrojn\u00ed pr\u016fkazy a profesn\u00ed pr\u016fkazy<\/strong><\/li>\n\n\n\n<li>Vy\u0161et\u0159en\u00ed pro pot\u0159eby \u010cSSZ, \u00da\u0159adu pr\u00e1ce (invalidn\u00ed d\u016fchody, p\u0159\u00edsp\u011bvky na p\u00e9\u010di atd.)<\/li>\n\n\n\n<li>P\u0159edopera\u010dn\u00ed vy\u0161et\u0159en\u00ed<\/li>\n\n\n\n<li>Vy\u0161et\u0159en\u00ed p\u0159ed n\u00e1stupem do l\u00e1zn\u00ed<\/li>\n\n\n\n<li><strong>Pracovn\u011bl\u00e9ka\u0159sk\u00e9 slu\u017eby<\/strong>&nbsp;pro smluvn\u00ed i nesmluvn\u00ed zam\u011bstnavatele (<strong>po p\u0159edchoz\u00edm objedn\u00e1n\u00ed<\/strong>)<\/li>\n\n\n\n<li>Standardn\u00ed v\u00fdkony nehrazen\u00e9 zdravotn\u00edmi poji\u0161\u0165ovnami (viz. cen\u00edk)<\/li>\n\n\n\n<li><strong>Po p\u0159edchoz\u00ed dohod\u011b<\/strong>&nbsp;mo\u017en\u00e1 n\u00e1v\u0161t\u011bvn\u00ed slu\u017eba<\/li>\n\n\n\n<li>Stanoven\u00ed&nbsp;CRP&nbsp;\u2013 ukazatele z\u00e1n\u011btu v krvi (zamez\u00ed zbyte\u010dn\u00e9mu u\u017e\u00edv\u00e1n\u00ed antibiotik u vir\u00f3z)<\/li>\n\n\n\n<li>Test na&nbsp;okultn\u00ed krv\u00e1cen\u00ed&nbsp;\u2013 prevence rakoviny tlust\u00e9ho st\u0159eva<\/li>\n\n\n\n<li>Laboratorn\u00ed odb\u011bry, stanoven\u00ed hladiny&nbsp;cukru v krvi,&nbsp;orienta\u010dn\u00ed vy\u0161et\u0159en\u00ed mo\u010di<\/li>\n<\/ul>\n","protected":false},"excerpt":{"rendered":"<p>Standardn\u00ed p\u00e9\u010de praktick\u00e9ho l\u00e9ka\u0159e pro dosp\u011bl\u00e9. Preventivn\u00ed programy a o\u010dkov\u00e1n\u00ed. O\u010dkov\u00e1n\u00ed nehrazen\u00e9 zdravotn\u00edmi poji\u0161tovnami (ch\u0159ipka, kl\u00ed\u0161\u0165ov\u00e1 encefalitida, \u017eloutenka A, B, pneumokokov\u00e9 infekce, meningokokov\u00e9 infekce, \u010dern\u00fd ka\u0161el). Vy\u0161et\u0159en\u00ed pro \u0159idi\u010dsk\u00e9 pr\u016fkazy, zbrojn\u00ed &#8230;<\/p>\n","protected":false},"author":5,"featured_media":0,"parent":0,"menu_order":0,"comment_status":"closed","ping_status":"closed","template":"","meta":{"footnotes":""},"class_list":["post-1526","page","type-page","status-publish","hentry"],"aioseo_notices":[],"_links":{"self":[{"href":"https:\/\/jsejkorova.cz\/index.php\/wp-json\/wp\/v2\/pages\/1526","targetHints":{"allow":["GET"]}}],"collection":[{"href":"https:\/\/jsejkorova.cz\/index.php\/wp-json\/wp\/v2\/pages"}],"about":[{"href":"https:\/\/jsejkorova.cz\/index.php\/wp-json\/wp\/v2\/types\/page"}],"author":[{"embeddable":true,"href":"https:\/\/jsejkorova.cz\/index.php\/wp-json\/wp\/v2\/users\/5"}],"replies":[{"embeddable":true,"href":"https:\/\/jsejkorova.cz\/index.php\/wp-json\/wp\/v2\/comments?post=1526"}],"version-history":[{"count":3,"href":"https:\/\/jsejkorova.cz\/index.php\/wp-json\/wp\/v2\/pages\/1526\/revisions"}],"predecessor-version":[{"id":1660,"href":"https:\/\/jsejkorova.cz\/index.php\/wp-json\/wp\/v2\/pages\/1526\/revisions\/1660"}],"wp:attachment":[{"href":"https:\/\/jsejkorova.cz\/index.php\/wp-json\/wp\/v2\/media?parent=1526"}],"curies":[{"name":"wp","href":"https:\/\/api.w.org\/{rel}","templated":true}]}}