{"id":1532,"date":"2021-01-03T19:54:25","date_gmt":"2021-01-03T19:54:25","guid":{"rendered":"https:\/\/jsejkorova.cz\/?page_id=1532"},"modified":"2023-08-01T06:14:28","modified_gmt":"2023-08-01T06:14:28","slug":"preventivni-pece","status":"publish","type":"page","link":"https:\/\/jsejkorova.cz\/index.php\/preventivni-pece\/","title":{"rendered":"Preventivn\u00ed p\u00e9\u010de"},"content":{"rendered":"\n<p>Preventivn\u00ed prohl\u00eddka je hrazena Va\u0161\u00ed zdravotn\u00ed poji\u0161\u0165ovnou&nbsp;<strong>1x za 2 roky<\/strong>.&nbsp;Jej\u00ed sou\u010d\u00e1st\u00ed je dopln\u011bn\u00ed anamn\u00e9zy, celkov\u00e9 vy\u0161et\u0159en\u00ed, kontrola o\u010dkov\u00e1n\u00ed&nbsp;a z\u00e1kladn\u00ed krevn\u00ed odb\u011bry a mo\u010d.<\/p>\n\n\n\n<ul class=\"wp-block-list\">\n<li>Od 40 ti let 1x za 4 roky EKG<\/li>\n\n\n\n<li>Od 50 ti let do 54 let 1x ro\u010dn\u011b stolice na okultn\u00ed (skryt\u00e9) krv\u00e1cen\u00ed<\/li>\n\n\n\n<li>V&nbsp;55 letech m\u00e1 pacient mo\u017enost se rozhodnout pro kolonoskopii nebo pokra\u010dovat ve vy\u0161et\u0159ov\u00e1n\u00ed stolice na okultn\u00ed krv\u00e1cen\u00ed&nbsp;1x za 2 roky<\/li>\n\n\n\n<li>U \u017een je mamografick\u00e9 vy\u0161et\u0159en\u00ed od 45 let 1x za 2 roky<\/li>\n\n\n\n<li>Z laborato\u0159\u00ed jsou hrazena tato vy\u0161et\u0159en\u00ed:\n<ul class=\"wp-block-list\">\n<li>Cholesterol, HDL \u2013 chol., LDL \u2013 chol. a triglyceridy p\u0159i prvn\u00ed prohl\u00eddce p\u0159i p\u0159echodu od \u201ed\u011btsk\u00e9ho\u201c l\u00e9ka\u0159e k praktikovi a d\u00e1le ve v\u011bku 30, 40, 50, a 60 let<\/li>\n\n\n\n<li>Glykemie \u2013 p\u0159i p\u0159echodu od \u201ed\u011btsk\u00e9ho\u201c l\u00e9ka\u0159e k praktikovi a d\u00e1le od 40 let v\u011bku ve dvoulet\u00fdch intervalech<\/li>\n<\/ul>\n<\/li>\n<\/ul>\n","protected":false},"excerpt":{"rendered":"<p>Preventivn\u00ed prohl\u00eddka je hrazena Va\u0161\u00ed zdravotn\u00ed poji\u0161\u0165ovnou&nbsp;1x za 2 roky.&nbsp;Jej\u00ed sou\u010d\u00e1st\u00ed je dopln\u011bn\u00ed anamn\u00e9zy, celkov\u00e9 vy\u0161et\u0159en\u00ed, kontrola o\u010dkov\u00e1n\u00ed&nbsp;a z\u00e1kladn\u00ed krevn\u00ed odb\u011bry a mo\u010d.<\/p>\n","protected":false},"author":5,"featured_media":0,"parent":0,"menu_order":0,"comment_status":"closed","ping_status":"closed","template":"","meta":{"footnotes":""},"class_list":["post-1532","page","type-page","status-publish","hentry"],"aioseo_notices":[],"_links":{"self":[{"href":"https:\/\/jsejkorova.cz\/index.php\/wp-json\/wp\/v2\/pages\/1532","targetHints":{"allow":["GET"]}}],"collection":[{"href":"https:\/\/jsejkorova.cz\/index.php\/wp-json\/wp\/v2\/pages"}],"about":[{"href":"https:\/\/jsejkorova.cz\/index.php\/wp-json\/wp\/v2\/types\/page"}],"author":[{"embeddable":true,"href":"https:\/\/jsejkorova.cz\/index.php\/wp-json\/wp\/v2\/users\/5"}],"replies":[{"embeddable":true,"href":"https:\/\/jsejkorova.cz\/index.php\/wp-json\/wp\/v2\/comments?post=1532"}],"version-history":[{"count":2,"href":"https:\/\/jsejkorova.cz\/index.php\/wp-json\/wp\/v2\/pages\/1532\/revisions"}],"predecessor-version":[{"id":1658,"href":"https:\/\/jsejkorova.cz\/index.php\/wp-json\/wp\/v2\/pages\/1532\/revisions\/1658"}],"wp:attachment":[{"href":"https:\/\/jsejkorova.cz\/index.php\/wp-json\/wp\/v2\/media?parent=1532"}],"curies":[{"name":"wp","href":"https:\/\/api.w.org\/{rel}","templated":true}]}}